{"id":1297,"date":"2019-12-04T13:58:09","date_gmt":"2019-12-04T12:58:09","guid":{"rendered":"http:\/\/ntramqm.cluster028.hosting.ovh.net\/?page_id=1297"},"modified":"2020-05-03T22:19:16","modified_gmt":"2020-05-03T20:19:16","slug":"tarifs","status":"publish","type":"page","link":"https:\/\/laurahanouna.notaires.fr\/index.php\/tarifs\/","title":{"rendered":"TARIFS"},"content":{"rendered":"<p>[vc_row center_row_content=\u00a0\u00bbyes\u00a0\u00bb css=\u00a0\u00bb.vc_custom_1575464848273{margin-top: 0px !important;margin-bottom: 55px !important;padding-top: 100px !important;}\u00a0\u00bb][vc_column text_alignment=\u00a0\u00bbcenter\u00a0\u00bb]<div class=\"jt-heading \" style=\"text-align:center;\"><h3 class=\"jt-main-head\" style=\"font-size:22px;\">Tarifs<\/h3><div class=\"jt-sep\"><\/div><\/div>[vc_empty_space height=\u00a0\u00bb20px\u00a0\u00bb][vc_column_text css=\u00a0\u00bb.vc_custom_1588536271668{margin-bottom: 0px !important;}\u00a0\u00bb]<\/p>\n<p style=\"text-align: justify;\">La somme que l\u2019on verse au notaire, que l\u2019on nomme commun\u00e9ment et improprement \u00ab frais de notaire \u00bb comprend en r\u00e9alit\u00e9 :<\/p>\n<ul>\n<li style=\"text-align: jutify;\">Les taxes (env. 8\/10\u00e8me des frais) : ce sont les sommes que le notaire est tenu de percevoir et de reverser qui vont \u00e0 l\u2019Etat et aux collectivit\u00e9s locales, pour le compte de son client. Elles varient suivant la nature de l\u2019acte et la nature du bien. Elles repr\u00e9sentent l\u2019essentiel des \u00ab frais de notaires \u00bb.<\/li>\n<li style=\"text-align: jutify;\">Les d\u00e9bours (1\/10\u00e8me des frais) : ce sont les sommes acquitt\u00e9es par le notaire pour le compte de son client et servant \u00e0 r\u00e9mun\u00e9rer les diff\u00e9rents intervenants et\/ou \u00e0 payer le co\u00fbt des diff\u00e9rents documents, ainsi qu\u2019\u00e0 r\u00e9gler les frais exceptionnels engag\u00e9s \u00e0 la demande du client (ex. certains frais de d\u00e9placement).<\/li>\n<li>La r\u00e9mun\u00e9ration du notaire (1\/10\u00e8me des frais) : elle peut prendre deux formes distinctes, des \u00e9moluments ou des honoraires :\n<ul>\n<li style=\"text-align: jutify;\">Les \u00e9moluments, dont le montant est fix\u00e9 par la loi et identique pour tous les notaires, peuvent \u00eatre proportionnels \u00e0 la valeur sur laquelle porte l\u2019acte (il s\u2019agit des \u00e9moluments de r\u00e9dactions) ou fixes (\u00e9moluments de formalit\u00e9s), et correspondre ainsi aux d\u00e9marches effectu\u00e9es par le notaire avant et apr\u00e8s la signature de l\u2019acte.<\/li>\n<li style=\"text-align: jutify;\"><strong>Les honoraires<\/strong> : librement convenues entre le notaire et le client, r\u00e9mun\u00e8rent les prestation pour des actes n\u2019entrant pas dans le cadre du tarif d\u00e9termin\u00e9 par arr\u00eat\u00e9 minist\u00e9riel (article R444-16 du code de commerce cr\u00e9\u00e9 par l\u2019article 2 du D\u00e9cret du 28 f\u00e9vrier 2016). Il s\u2019agit principalement des prestations relatives au droit des soci\u00e9t\u00e9s et au droit commercial<\/li>\n<\/ul>\n<\/li>\n<\/ul>\n<p>[\/vc_column_text][\/vc_column][\/vc_row][vc_row center_row_content=\u00a0\u00bbyes\u00a0\u00bb enable_background_overlay=\u00a0\u00bbyes\u00a0\u00bb overlay_styles=\u00a0\u00bbbg_color\u00a0\u00bb overlay_color=\u00a0\u00bb#f2f2f2&Prime;][vc_column][vc_empty_space]<div class=\"jt-call-action jt-call-action-extrawidth \"><div class=\"col-lg-8 col-md-8 col-sm-8 col-xs-8 jt-icon-box-width\"><div class=\"jt-call-icon-box\" style=\"\"><i class=\"pe-7s-home\" style=\"\"><\/i><span class=\"arrow-right\" style=\"\"><img decoding=\"async\" src=\"https:\/\/laurahanouna.notaires.fr\/wp-content\/themes\/juster\/images\/arrows\/box-arrow-right.png\" alt=\"black\"><\/span><\/div><div class=\"jt-call-action-content\"><h2 style=\"\">Vous avez un projet d&#039;acquisition ?<\/h2><p style=\"\">Cliquez ici pour calculer vos ``frais de notaires``<\/p><\/div><\/div><div class=\"col-lg-4 col-md-4 col-sm-4 col-xs-4 jt-call-btns\"><a href=\"http:\/\/paris.notaires.fr\/fr\/outils-et-services\/calcul-de-frais-d-achat\" class=\"btn-primary jt-btn-call-action\" style=\"\">FRAIS DE NOTAIRES<\/a><\/div><\/div>[vc_empty_space][\/vc_column][\/vc_row][vc_row center_row_content=\u00a0\u00bbyes\u00a0\u00bb][vc_column][vc_empty_space height=\u00a0\u00bb62px\u00a0\u00bb][vc_column_text]<\/p>\n<p style=\"text-align: center;\">L\u2019article A. 444-174 du code de commerce, issu de l\u2019arr\u00eat\u00e9 du 26 f\u00e9vrier 2016, d\u00e9finit les remises applicables aux \u00e9moluments proportionnels.<\/p>\n<p style=\"text-align: center;\">Actuellement, l\u2019\u00e9tude ne pratique pas de remise particuli\u00e8re.<\/p>\n<p>[\/vc_column_text][\/vc_column][\/vc_row]<\/p>\n","protected":false},"excerpt":{"rendered":"<p>[vc_row center_row_content=\u00a0\u00bbyes\u00a0\u00bb css=\u00a0\u00bb.vc_custom_1575464848273{margin-top: 0px !important;margin-bottom: 55px !important;padding-top: 100px !important;}\u00a0\u00bb][vc_column text_alignment=\u00a0\u00bbcenter\u00a0\u00bb][vc_empty_space height=\u00a0\u00bb20px\u00a0\u00bb][vc_column_text css=\u00a0\u00bb.vc_custom_1588536271668{margin-bottom: 0px !important;}\u00a0\u00bb] La somme que l\u2019on verse au notaire, que l\u2019on nomme commun\u00e9ment et improprement \u00ab frais de.<\/p>\n","protected":false},"author":1,"featured_media":0,"parent":0,"menu_order":0,"comment_status":"closed","ping_status":"closed","template":"","meta":{"footnotes":""},"yoast_head":"<!-- This site is optimized with the Yoast SEO plugin v22.9 - https:\/\/yoast.com\/wordpress\/plugins\/seo\/ -->\n<title>TARIFS - LAURA HANOUNA<\/title>\n<meta name=\"robots\" content=\"index, follow, max-snippet:-1, max-image-preview:large, max-video-preview:-1\" \/>\n<link rel=\"canonical\" href=\"https:\/\/laurahanouna.notaires.fr\/index.php\/tarifs\/\" \/>\n<meta property=\"og:locale\" content=\"fr_FR\" \/>\n<meta property=\"og:type\" content=\"article\" \/>\n<meta property=\"og:title\" content=\"TARIFS - LAURA HANOUNA\" \/>\n<meta property=\"og:description\" content=\"[vc_row center_row_content=\u00a0\u00bbyes\u00a0\u00bb css=\u00a0\u00bb.vc_custom_1575464848273{margin-top: 0px !important;margin-bottom: 55px !important;padding-top: 100px !important;}\u00a0\u00bb][vc_column text_alignment=\u00a0\u00bbcenter\u00a0\u00bb][vc_empty_space height=\u00a0\u00bb20px\u00a0\u00bb][vc_column_text css=\u00a0\u00bb.vc_custom_1588536271668{margin-bottom: 0px !important;}\u00a0\u00bb] La somme que l\u2019on verse au notaire, que l\u2019on nomme commun\u00e9ment et improprement \u00ab frais de.\" \/>\n<meta property=\"og:url\" content=\"https:\/\/laurahanouna.notaires.fr\/index.php\/tarifs\/\" \/>\n<meta property=\"og:site_name\" content=\"LAURA HANOUNA\" \/>\n<meta property=\"article:modified_time\" content=\"2020-05-03T20:19:16+00:00\" \/>\n<meta name=\"twitter:card\" content=\"summary_large_image\" \/>\n<meta name=\"twitter:label1\" content=\"Dur\u00e9e de lecture estim\u00e9e\" \/>\n\t<meta name=\"twitter:data1\" content=\"2 minutes\" \/>\n<script type=\"application\/ld+json\" class=\"yoast-schema-graph\">{\"@context\":\"https:\/\/schema.org\",\"@graph\":[{\"@type\":\"WebPage\",\"@id\":\"https:\/\/laurahanouna.notaires.fr\/index.php\/tarifs\/\",\"url\":\"https:\/\/laurahanouna.notaires.fr\/index.php\/tarifs\/\",\"name\":\"TARIFS - LAURA HANOUNA\",\"isPartOf\":{\"@id\":\"https:\/\/laurahanouna.notaires.fr\/#website\"},\"datePublished\":\"2019-12-04T12:58:09+00:00\",\"dateModified\":\"2020-05-03T20:19:16+00:00\",\"breadcrumb\":{\"@id\":\"https:\/\/laurahanouna.notaires.fr\/index.php\/tarifs\/#breadcrumb\"},\"inLanguage\":\"fr-FR\",\"potentialAction\":[{\"@type\":\"ReadAction\",\"target\":[\"https:\/\/laurahanouna.notaires.fr\/index.php\/tarifs\/\"]}]},{\"@type\":\"BreadcrumbList\",\"@id\":\"https:\/\/laurahanouna.notaires.fr\/index.php\/tarifs\/#breadcrumb\",\"itemListElement\":[{\"@type\":\"ListItem\",\"position\":1,\"name\":\"Accueil\",\"item\":\"https:\/\/laurahanouna.notaires.fr\/\"},{\"@type\":\"ListItem\",\"position\":2,\"name\":\"TARIFS\"}]},{\"@type\":\"WebSite\",\"@id\":\"https:\/\/laurahanouna.notaires.fr\/#website\",\"url\":\"https:\/\/laurahanouna.notaires.fr\/\",\"name\":\"LAURA HANOUNA\",\"description\":\"Etude notariale\",\"potentialAction\":[{\"@type\":\"SearchAction\",\"target\":{\"@type\":\"EntryPoint\",\"urlTemplate\":\"https:\/\/laurahanouna.notaires.fr\/?s={search_term_string}\"},\"query-input\":\"required name=search_term_string\"}],\"inLanguage\":\"fr-FR\"}]}<\/script>\n<!-- \/ Yoast SEO plugin. -->","yoast_head_json":{"title":"TARIFS - LAURA HANOUNA","robots":{"index":"index","follow":"follow","max-snippet":"max-snippet:-1","max-image-preview":"max-image-preview:large","max-video-preview":"max-video-preview:-1"},"canonical":"https:\/\/laurahanouna.notaires.fr\/index.php\/tarifs\/","og_locale":"fr_FR","og_type":"article","og_title":"TARIFS - LAURA HANOUNA","og_description":"[vc_row center_row_content=\u00a0\u00bbyes\u00a0\u00bb css=\u00a0\u00bb.vc_custom_1575464848273{margin-top: 0px !important;margin-bottom: 55px !important;padding-top: 100px !important;}\u00a0\u00bb][vc_column text_alignment=\u00a0\u00bbcenter\u00a0\u00bb][vc_empty_space height=\u00a0\u00bb20px\u00a0\u00bb][vc_column_text css=\u00a0\u00bb.vc_custom_1588536271668{margin-bottom: 0px !important;}\u00a0\u00bb] La somme que l\u2019on verse au notaire, que l\u2019on nomme commun\u00e9ment et improprement \u00ab frais de.","og_url":"https:\/\/laurahanouna.notaires.fr\/index.php\/tarifs\/","og_site_name":"LAURA HANOUNA","article_modified_time":"2020-05-03T20:19:16+00:00","twitter_card":"summary_large_image","twitter_misc":{"Dur\u00e9e de lecture estim\u00e9e":"2 minutes"},"schema":{"@context":"https:\/\/schema.org","@graph":[{"@type":"WebPage","@id":"https:\/\/laurahanouna.notaires.fr\/index.php\/tarifs\/","url":"https:\/\/laurahanouna.notaires.fr\/index.php\/tarifs\/","name":"TARIFS - LAURA HANOUNA","isPartOf":{"@id":"https:\/\/laurahanouna.notaires.fr\/#website"},"datePublished":"2019-12-04T12:58:09+00:00","dateModified":"2020-05-03T20:19:16+00:00","breadcrumb":{"@id":"https:\/\/laurahanouna.notaires.fr\/index.php\/tarifs\/#breadcrumb"},"inLanguage":"fr-FR","potentialAction":[{"@type":"ReadAction","target":["https:\/\/laurahanouna.notaires.fr\/index.php\/tarifs\/"]}]},{"@type":"BreadcrumbList","@id":"https:\/\/laurahanouna.notaires.fr\/index.php\/tarifs\/#breadcrumb","itemListElement":[{"@type":"ListItem","position":1,"name":"Accueil","item":"https:\/\/laurahanouna.notaires.fr\/"},{"@type":"ListItem","position":2,"name":"TARIFS"}]},{"@type":"WebSite","@id":"https:\/\/laurahanouna.notaires.fr\/#website","url":"https:\/\/laurahanouna.notaires.fr\/","name":"LAURA HANOUNA","description":"Etude notariale","potentialAction":[{"@type":"SearchAction","target":{"@type":"EntryPoint","urlTemplate":"https:\/\/laurahanouna.notaires.fr\/?s={search_term_string}"},"query-input":"required name=search_term_string"}],"inLanguage":"fr-FR"}]}},"_links":{"self":[{"href":"https:\/\/laurahanouna.notaires.fr\/index.php\/wp-json\/wp\/v2\/pages\/1297"}],"collection":[{"href":"https:\/\/laurahanouna.notaires.fr\/index.php\/wp-json\/wp\/v2\/pages"}],"about":[{"href":"https:\/\/laurahanouna.notaires.fr\/index.php\/wp-json\/wp\/v2\/types\/page"}],"author":[{"embeddable":true,"href":"https:\/\/laurahanouna.notaires.fr\/index.php\/wp-json\/wp\/v2\/users\/1"}],"replies":[{"embeddable":true,"href":"https:\/\/laurahanouna.notaires.fr\/index.php\/wp-json\/wp\/v2\/comments?post=1297"}],"version-history":[{"count":10,"href":"https:\/\/laurahanouna.notaires.fr\/index.php\/wp-json\/wp\/v2\/pages\/1297\/revisions"}],"predecessor-version":[{"id":1343,"href":"https:\/\/laurahanouna.notaires.fr\/index.php\/wp-json\/wp\/v2\/pages\/1297\/revisions\/1343"}],"wp:attachment":[{"href":"https:\/\/laurahanouna.notaires.fr\/index.php\/wp-json\/wp\/v2\/media?parent=1297"}],"curies":[{"name":"wp","href":"https:\/\/api.w.org\/{rel}","templated":true}]}}